{"id":397,"date":"2017-11-24T12:41:58","date_gmt":"2017-11-24T11:41:58","guid":{"rendered":"http:\/\/oasihomedesign.azurewebsites.net\/?page_id=397"},"modified":"2023-06-23T10:58:36","modified_gmt":"2023-06-23T08:58:36","slug":"privacy","status":"publish","type":"page","link":"https:\/\/www.oasihomedesign.it\/?page_id=397","title":{"rendered":"Privacy"},"content":{"rendered":"<div class=\"fusion-fullwidth fullwidth-box fusion-builder-row-1 fusion-flex-container nonhundred-percent-fullwidth non-hundred-percent-height-scrolling\" style=\"--awb-border-radius-top-left:0px;--awb-border-radius-top-right:0px;--awb-border-radius-bottom-right:0px;--awb-border-radius-bottom-left:0px;\" ><div class=\"fusion-builder-row fusion-row fusion-flex-align-items-flex-start\" style=\"max-width:calc( 1270px + 0px );margin-left: calc(-0px \/ 2 );margin-right: calc(-0px \/ 2 );\"><div class=\"fusion-layout-column fusion_builder_column fusion-builder-column-0 fusion_builder_column_1_1 1_1 fusion-flex-column\" style=\"--awb-bg-blend:overlay;--awb-bg-size:cover;--awb-width-large:100%;--awb-margin-top-large:25px;--awb-spacing-right-large:0px;--awb-margin-bottom-large:25px;--awb-spacing-left-large:0px;--awb-width-medium:100%;--awb-spacing-right-medium:0px;--awb-spacing-left-medium:0px;--awb-width-small:100%;--awb-spacing-right-small:0px;--awb-spacing-left-small:0px;\"><div class=\"fusion-column-wrapper fusion-flex-justify-content-flex-start fusion-content-layout-column\"><div class=\"fusion-text fusion-text-1\" style=\"--awb-content-alignment:center;--awb-font-size:12px;--awb-text-color:#0074a0;--awb-text-font-family:&quot;Work Sans&quot;;--awb-text-font-style:normal;--awb-text-font-weight:400;\"><h3><strong style=\"color: var(--awb-color6);\">INFORMATIVA SUL TRATTAMENTO DEI DATI PERSONALI DI NAVIGAZIONE E COOKIES<\/strong><\/h3>\n<\/div><div class=\"fusion-separator fusion-full-width-sep\" style=\"align-self: center;margin-left: auto;margin-right: auto;margin-bottom:30px;width:100%;\"><div class=\"fusion-separator-border sep-single sep-solid\" style=\"--awb-height:20px;--awb-amount:20px;border-color:var(--awb-color3);border-top-width:2px;\"><\/div><\/div><div class=\"fusion-text fusion-text-2\" style=\"--awb-text-color:var(--awb-color7);\"><p><strong>Chi \u00e8 il Titolare del trattamento?<\/strong><\/p>\n<p>Il Titolare del trattamento \u00e8 Oasi Home Design S.r.l., Via Nomentana 90 00161 Roma.<br \/>\n<span style=\"color: var(--awb-text-color); font-family: var(--awb-text-font-family); font-size: var(--awb-font-size); font-style: var(--awb-text-font-style); letter-spacing: var(--awb-letter-spacing); text-align: var(--awb-content-alignment); text-transform: var(--awb-text-transform); background-color: var(--awb-bg-color-hover);\">L\u2019informativa descrive le caratteristiche dei trattamenti svolti dal Titolare in relazione ai dati di navigazione del sito web <\/span><a style=\"font-family: var(--awb-text-font-family); font-size: var(--awb-font-size); font-style: var(--awb-text-font-style); letter-spacing: var(--awb-letter-spacing); text-align: var(--awb-content-alignment); text-transform: var(--awb-text-transform);\" href=\"https:\/\/oasihomedesign.it\/\">http:\/\/www.oasihomedesign.it\/<\/a><\/p>\n<p><strong>Quali dati personali raccogliamo?<\/strong><\/p>\n<p>Il Titolare del trattamento raccoglie i seguenti dati:<br \/>\n\u00b7 dati identificativi dell\u2019utente, quali, ad esempio, gli indirizzi IP e i nomi a dominio del computer;<br \/>\n\u00b7 dati relativi all\u2019utilizzo del sito web da parte dell\u2019utente;<br \/>\n\u00b7 dati forniti volontariamente dall\u2019utente \u2013 informazioni identificative &#8211; per l\u2019accesso a determinati servizi offerti tramite il sito web, per i quali si rinvia alle apposite informative presenti nelle relative sezioni di riferimento.<\/p>\n<p><strong>Cookies:<\/strong><\/p>\n<p>I cookie sono piccoli file di testo che i siti visitati dagli utenti inviano ai loro terminali, ove vengono memorizzati per essere poi ritrasmessi agli stessi siti alla visita successiva. I cookie delle c.d. &#8220;terze parti&#8221; vengono, invece, impostati da un sito web diverso da quello che l\u2019utente sta visitando. Questo perch\u00e9 su ogni sito possono essere presenti elementi (immagini, mappe, suoni, specifici link a pagine web di altri domini, ecc.) che risiedono su server diversi da quello del sito visitato.<\/p>\n<p>I cookie sono usati per differenti finalit\u00e0: esecuzione di autenticazioni informatiche, monitoraggio di sessioni, memorizzazione di informazioni su specifiche configurazioni riguardanti gli utenti che accedono al server, memorizzazione delle preferenze, ecc. Nel Sito sono presenti le seguenti categorie di cookie:<br \/>\n\u00b7 Cookie tecnici<br \/>\n\u00b7 Cookie statistici<br \/>\n\u00b7 Cookie di profilazione<\/p>\n<p>Qualora l\u2019Utente preferisca non ricevere cookie, pu\u00f2 impedirne la trasmissione da parte del sito web mediante opportuna configurazione del proprio browser di navigazione Internet. In alcuni casi, per\u00f2, la fruizione di alcune parti del Sito potrebbe essere condizionata alla memorizzazione dei cookies sul computer dell\u2019Utente. Forniamo di seguito il link ad una pi\u00f9 dettagliata informativa sull\u2018uso dei cookie nel Sito: <a style=\"color: var(--awb-color6);\" href=\"\/cookie\">Informativa Cookie<\/a><\/p>\n<p><strong>Per quali finalit\u00e0 vengono utilizzati i dati personali?<\/strong><\/p>\n<p>Il Titolare tratta i dati personali per le seguenti finalit\u00e0:<br \/>\n\u00b7 gestire la corretta fruizione del sito web;<br \/>\n\u00b7 valutare, in forma statistica, l\u2019utilizzo del sito web da parte degli utenti;<br \/>\n\u00b7 accertare eventuali illeciti compiuti dagli utenti a danno di terzi o a danno del Titolare;<br \/>\n\u00b7 adempiere alla normativa europea e nazionale, nonch\u00e9 ai provvedimenti dell\u2019Autorit\u00e0 garante;<br \/>\n\u00b7 profilare l\u2019utente in base alla navigazione all\u2019interno del Sito Web.<\/p>\n<p><strong>Perch\u00e9 il trattamento che svolgiamo \u00e8 legittimo?<\/strong><\/p>\n<p>Il trattamento dei dati personali svolto dal Titolare \u00e8 legittimo perch\u00e9 si fonda sul consenso dell\u2019interessato, espresso durante l\u2019esperienza di navigazione.<\/p>\n<p><strong>Con quali modalit\u00e0 il Titolare tratta i Suoi dati personali e per quanto tempo li conserva?<\/strong><\/p>\n<p>I Suoi dati personali sono trattati sia in modalit\u00e0 cartacea che elettronica. Il Titolare conserva le informazioni personali dell\u2019utente seguendo alcuni criteri fondamentali di seguito evidenziati: in particolare riferibili alle finalit\u00e0 della raccolta e ai termini di prescrizione dettati dalla legge.<\/p>\n<p><strong>A chi comunichiamo i dati personali?<\/strong><\/p>\n<p><em>All\u2019interno della struttura del Titolare<\/em><\/p>\n<p>Qualora l\u2019Utente preferisca non ricevere cookie, pu\u00f2 impedirne la trasmissione da parte del sito web mediante opportuna configurazione del proprio browser di navigazione Internet. In alcuni casi, per\u00f2, la fruizione di alcune parti del Sito potrebbe essere condizionata alla memorizzazione dei cookies sul computer dell\u2019Utente.<\/p>\n<p><em>Fornitori di servizi<\/em><\/p>\n<p>Il Titolare condivide le informazioni personali con alcuni fornitori che coadiuvano il Oasi Home Design Srl. nella gestione del sito web. Qualora soggetti terzi accedano ai dati, lo faranno rispettando la normativa vigente in materia di protezione dei dati personali e le istruzioni impartite dal Titolare.<\/p>\n<p><em>Requisiti di legge<\/em><\/p>\n<p>Non comunichiamo le informazioni personali ad altre terze parti senza autorizzazione, salvo quando ci\u00f2 sia richiesto dalla legge o da un\u2019Autorit\u00e0.<\/p>\n<p><strong>I dati vengono trasferiti all\u2019estero?<\/strong><\/p>\n<p>I dati dell\u2019utente non vengono trasferiti all\u2019estero.<\/p>\n<p><strong>Quali sono i diritti dell\u2019interessato del trattamento e come pu\u00f2 esercitarli?<\/strong><\/p>\n<p>Il Regolamento europeo in materia di protezione dei dati personali (2016\/679) Le garantisce, come interessato del trattamento, specifici diritti.<\/p>\n<p>Per ciascun trattamento, pu\u00f2 esercitare I seguenti diritti:<\/p>\n<p><strong>\u00b7 Diritto di accesso:<\/strong> ha il diritto di ottenere una copia dei dati personali di cui siamo in possesso e che sono sottoposti a trattamento;<br \/>\n<strong>\u00b7 Diritto alla rettificazione:<\/strong> ha il diritto di rettificare i Suoi dati personali conservati dal Titolare qualora non siano aggiornati o corretti;<br \/>\n<strong>\u00b7 Diritto di opporsi al trattamento di dati personali per finalit\u00e0 commerciali:<\/strong> pu\u00f2 chiedere che il Titolare cessi di inviare comunicazioni commerciali in qualsiasi momento;<br \/>\n<strong>\u00b7 Diritto di opporsi a decisioni basate su processi esclusivamente automatizzati:<\/strong> pu\u00f2 chiedere di non essere destinatario di decisioni prese in base a processi esclusivamente automatizzati, inclusa l\u2019attivit\u00e0 di profilazione;<br \/>\n<strong>\u00b7 Diritto di revocare un consenso prestato:<\/strong> ha il diritto di revocare il consenso prestato per un determinato trattamento in qualsiasi momento;<br \/>\n<strong>\u00b7 Diritto di rivolgersi all\u2019Autorit\u00e0 Garante per la protezione dei dati personali:<\/strong> ha il diritto di rivolgersi all\u2019Autorit\u00e0 Garante per la protezione dei dati personali qualora abbia dubbi sul trattamento di dati personali operato dal Titolare.<\/p>\n<p>Pu\u00f2 esercitare anche i seguenti diritti al ricorrere di determinate circostanze:<br \/>\n<strong>\u00b7 Diritto alla cancellazione:<\/strong> pu\u00f2 richiedere che il Titolare cancelli i Suoi dati personali qualora siano cessati gli scopi del trattamento e non sussistano interessi legittimi o norme di legge che ne impongano la continuazione;<br \/>\n<strong>\u00b7 Diritto di opporsi ad un trattamento:<\/strong> pu\u00f2 chiedere che il Titolare cessi di svolgere un determinato trattamento sui Suoi dati personali;<br \/>\n<strong>\u00b7 Diritto di limitare il trattamento:<\/strong> ha il diritto di richiedere che il Titolare limiti le operazioni di trattamento sui Suoi dati personali;<br \/>\n<strong>\u00b7 Diritto alla portabilit\u00e0 del dato:<\/strong> ha il diritto di ottenere una copia dei Suoi dati in un formato strutturato ed informaticamente trasferibile ad altro Titolare.<\/p>\n<p>Qualora volesse esercitare i Suoi diritti, per favore invii una email o scriva al seguente indirizzo specificando la Sua richiesta e fornendoci le informazioni necessarie ad identificarla (allegando anche una copia del Suo documento di identit\u00e0): <a style=\"font-size: 16px; color: var(--awb-color6);\" href=\"mailto:info@oasihomedesign.it\">info@oasihomedesign.it<\/a><\/p>\n<p>Il Data Privacy Officer (DPO) le risponder\u00e0 entro un mese. Se per qualche motivo non riuscissimo a risponderle, Le verr\u00e0 fornita una spiegazione dettagliata sul motivo per cui non pu\u00f2 soddisfare la Sua richiesta.<\/p>\n<p>La presente informativa ha lo scopo di informarLa su quali siano i Suoi dati personali raccolti dal Titolare e come siano trattati. Se avesse bisogno di qualsiasi tipo di chiarimento, per favore ci contatti ai seguenti riferimenti: <a style=\"font-size: 16px; color: var(--awb-color6);\" href=\"mailto:info@oasihomedesign.it\">info@oasihomedesign.it<\/a><\/p>\n<\/div><\/div><\/div><\/div><\/div>\n","protected":false},"excerpt":{"rendered":"","protected":false},"author":1,"featured_media":0,"parent":0,"menu_order":0,"comment_status":"closed","ping_status":"closed","template":"","meta":{"footnotes":""},"yoast_head":"<!-- This site is optimized with the Yoast SEO plugin v23.0 - https:\/\/yoast.com\/wordpress\/plugins\/seo\/ -->\n<title>Privacy - Oasi Home Design<\/title>\n<meta name=\"robots\" content=\"index, follow, max-snippet:-1, max-image-preview:large, max-video-preview:-1\" \/>\n<link rel=\"canonical\" href=\"https:\/\/www.oasihomedesign.it\/?page_id=397\" \/>\n<meta property=\"og:locale\" content=\"it_IT\" \/>\n<meta property=\"og:type\" content=\"article\" \/>\n<meta property=\"og:title\" content=\"Privacy - Oasi Home Design\" \/>\n<meta property=\"og:url\" content=\"https:\/\/www.oasihomedesign.it\/?page_id=397\" \/>\n<meta property=\"og:site_name\" content=\"Oasi Home Design\" \/>\n<meta property=\"article:modified_time\" content=\"2023-06-23T08:58:36+00:00\" \/>\n<meta name=\"twitter:card\" content=\"summary_large_image\" \/>\n<meta name=\"twitter:label1\" content=\"Tempo di lettura stimato\" \/>\n\t<meta name=\"twitter:data1\" content=\"6 minuti\" \/>\n<script type=\"application\/ld+json\" class=\"yoast-schema-graph\">{\"@context\":\"https:\/\/schema.org\",\"@graph\":[{\"@type\":\"WebPage\",\"@id\":\"https:\/\/www.oasihomedesign.it\/?page_id=397\",\"url\":\"https:\/\/www.oasihomedesign.it\/?page_id=397\",\"name\":\"Privacy - Oasi Home Design\",\"isPartOf\":{\"@id\":\"https:\/\/www.oasihomedesign.it\/#website\"},\"datePublished\":\"2017-11-24T11:41:58+00:00\",\"dateModified\":\"2023-06-23T08:58:36+00:00\",\"breadcrumb\":{\"@id\":\"https:\/\/www.oasihomedesign.it\/?page_id=397#breadcrumb\"},\"inLanguage\":\"it-IT\",\"potentialAction\":[{\"@type\":\"ReadAction\",\"target\":[\"https:\/\/www.oasihomedesign.it\/?page_id=397\"]}]},{\"@type\":\"BreadcrumbList\",\"@id\":\"https:\/\/www.oasihomedesign.it\/?page_id=397#breadcrumb\",\"itemListElement\":[{\"@type\":\"ListItem\",\"position\":1,\"name\":\"Home\",\"item\":\"https:\/\/www.oasihomedesign.it\/\"},{\"@type\":\"ListItem\",\"position\":2,\"name\":\"Privacy\"}]},{\"@type\":\"WebSite\",\"@id\":\"https:\/\/www.oasihomedesign.it\/#website\",\"url\":\"https:\/\/www.oasihomedesign.it\/\",\"name\":\"Oasi Home Design\",\"description\":\"Progettiamo, ristrutturiamo e arrediamo ogni tipo di immobile\",\"potentialAction\":[{\"@type\":\"SearchAction\",\"target\":{\"@type\":\"EntryPoint\",\"urlTemplate\":\"https:\/\/www.oasihomedesign.it\/?s={search_term_string}\"},\"query-input\":\"required name=search_term_string\"}],\"inLanguage\":\"it-IT\"}]}<\/script>\n<!-- \/ Yoast SEO plugin. -->","yoast_head_json":{"title":"Privacy - Oasi Home Design","robots":{"index":"index","follow":"follow","max-snippet":"max-snippet:-1","max-image-preview":"max-image-preview:large","max-video-preview":"max-video-preview:-1"},"canonical":"https:\/\/www.oasihomedesign.it\/?page_id=397","og_locale":"it_IT","og_type":"article","og_title":"Privacy - Oasi Home Design","og_url":"https:\/\/www.oasihomedesign.it\/?page_id=397","og_site_name":"Oasi Home Design","article_modified_time":"2023-06-23T08:58:36+00:00","twitter_card":"summary_large_image","twitter_misc":{"Tempo di lettura stimato":"6 minuti"},"schema":{"@context":"https:\/\/schema.org","@graph":[{"@type":"WebPage","@id":"https:\/\/www.oasihomedesign.it\/?page_id=397","url":"https:\/\/www.oasihomedesign.it\/?page_id=397","name":"Privacy - Oasi Home Design","isPartOf":{"@id":"https:\/\/www.oasihomedesign.it\/#website"},"datePublished":"2017-11-24T11:41:58+00:00","dateModified":"2023-06-23T08:58:36+00:00","breadcrumb":{"@id":"https:\/\/www.oasihomedesign.it\/?page_id=397#breadcrumb"},"inLanguage":"it-IT","potentialAction":[{"@type":"ReadAction","target":["https:\/\/www.oasihomedesign.it\/?page_id=397"]}]},{"@type":"BreadcrumbList","@id":"https:\/\/www.oasihomedesign.it\/?page_id=397#breadcrumb","itemListElement":[{"@type":"ListItem","position":1,"name":"Home","item":"https:\/\/www.oasihomedesign.it\/"},{"@type":"ListItem","position":2,"name":"Privacy"}]},{"@type":"WebSite","@id":"https:\/\/www.oasihomedesign.it\/#website","url":"https:\/\/www.oasihomedesign.it\/","name":"Oasi Home Design","description":"Progettiamo, ristrutturiamo e arrediamo ogni tipo di immobile","potentialAction":[{"@type":"SearchAction","target":{"@type":"EntryPoint","urlTemplate":"https:\/\/www.oasihomedesign.it\/?s={search_term_string}"},"query-input":"required name=search_term_string"}],"inLanguage":"it-IT"}]}},"_links":{"self":[{"href":"https:\/\/www.oasihomedesign.it\/index.php?rest_route=\/wp\/v2\/pages\/397"}],"collection":[{"href":"https:\/\/www.oasihomedesign.it\/index.php?rest_route=\/wp\/v2\/pages"}],"about":[{"href":"https:\/\/www.oasihomedesign.it\/index.php?rest_route=\/wp\/v2\/types\/page"}],"author":[{"embeddable":true,"href":"https:\/\/www.oasihomedesign.it\/index.php?rest_route=\/wp\/v2\/users\/1"}],"replies":[{"embeddable":true,"href":"https:\/\/www.oasihomedesign.it\/index.php?rest_route=%2Fwp%2Fv2%2Fcomments&post=397"}],"version-history":[{"count":20,"href":"https:\/\/www.oasihomedesign.it\/index.php?rest_route=\/wp\/v2\/pages\/397\/revisions"}],"predecessor-version":[{"id":3922,"href":"https:\/\/www.oasihomedesign.it\/index.php?rest_route=\/wp\/v2\/pages\/397\/revisions\/3922"}],"wp:attachment":[{"href":"https:\/\/www.oasihomedesign.it\/index.php?rest_route=%2Fwp%2Fv2%2Fmedia&parent=397"}],"curies":[{"name":"wp","href":"https:\/\/api.w.org\/{rel}","templated":true}]}}